{"id":11,"date":"2023-08-28T08:51:35","date_gmt":"2023-08-28T06:51:35","guid":{"rendered":"https:\/\/test.gjengedal.dev\/?page_id=11"},"modified":"2025-08-17T18:58:55","modified_gmt":"2025-08-17T16:58:55","slug":"styret","status":"publish","type":"page","link":"https:\/\/gloppenshobbyfotografar.no\/index.php\/styret\/","title":{"rendered":"Styret"},"content":{"rendered":"\n<p><\/p>\n\n\n\n<div class=\"wp-block-columns is-layout-flex wp-container-core-columns-is-layout-9d6595d7 wp-block-columns-is-layout-flex\">\n<div class=\"wp-block-column is-layout-flow wp-block-column-is-layout-flow\" style=\"flex-basis:100%\">\n<div class=\"wp-block-group is-nowrap is-layout-flex wp-container-core-group-is-layout-ad2f72ca wp-block-group-is-layout-flex\">\n<p class=\"wp-container-content-759e20a8\">Leiar<\/p>\n\n\n\n<p class=\"wp-container-content-29dca9c1\">: Knut-Ove Henden<\/p>\n\n\n\n<p>Mobil<\/p>\n\n\n\n<p class=\"wp-container-content-9cfa9a5a\">: 936 00 392<\/p>\n<\/div>\n\n\n\n<p>e-post Privat: <a href=\"mailto:knut.ove.henden@gmail.com\">knut.ove.henden@gmail.com<\/a><br><\/p>\n\n\n\n<div class=\"wp-block-group is-nowrap is-layout-flex wp-container-core-group-is-layout-ad2f72ca wp-block-group-is-layout-flex\">\n<p class=\"wp-container-content-759e20a8\">\u00d8konomi<\/p>\n\n\n\n<p class=\"wp-container-content-29dca9c1\">: Ragna F\u00f8rde<\/p>\n\n\n\n<p>Mobil<\/p>\n\n\n\n<p class=\"wp-container-content-9cfa9a5a\">: 986 59 599<\/p>\n<\/div>\n\n\n\n<p>e-post Privat: <a href=\"mailto:ragna@fordenett.no\">ragna@fordenett.no<\/a><\/p>\n\n\n\n<div class=\"wp-block-group is-nowrap is-layout-flex wp-container-core-group-is-layout-ad2f72ca wp-block-group-is-layout-flex\">\n<p class=\"wp-container-content-759e20a8\">Medlem<\/p>\n\n\n\n<p class=\"wp-container-content-29dca9c1\">: \u00c5sne Susanne Viken Gautefall<\/p>\n\n\n\n<p>Mobil<\/p>\n\n\n\n<p class=\"wp-container-content-9cfa9a5a\">: 951 88 079<\/p>\n<\/div>\n\n\n\n<p>e-post Privat: <a href=\"mailto:asne.gautefall@gmail.com\">asne.gautefall@gmail.com<\/a><\/p>\n\n\n\n<p>GLOPPEN&#8217;s HOBBYFOTOGRAFAR<\/p>\n\n\n\n<p>e-post: post.hobbyfotografar@gmail.com <\/p>\n<\/div>\n<\/div>\n","protected":false},"excerpt":{"rendered":"<p>Leiar : Knut-Ove Henden Mobil : 936 00 392 e-post Privat: knut.ove.henden@gmail.com \u00d8konomi : Ragna F\u00f8rde Mobil : 986 59 599 e-post Privat: ragna@fordenett.no Medlem : \u00c5sne Susanne Viken Gautefall Mobil : 951 88 079 e-post Privat: asne.gautefall@gmail.com GLOPPEN&#8217;s HOBBYFOTOGRAFAR e-post: post.hobbyfotografar@gmail.com<\/p>\n","protected":false},"author":1,"featured_media":0,"parent":0,"menu_order":0,"comment_status":"closed","ping_status":"closed","template":"","meta":{"jetpack_post_was_ever_published":false,"footnotes":""},"class_list":["post-11","page","type-page","status-publish","hentry"],"jetpack_sharing_enabled":true,"_links":{"self":[{"href":"https:\/\/gloppenshobbyfotografar.no\/index.php\/wp-json\/wp\/v2\/pages\/11","targetHints":{"allow":["GET"]}}],"collection":[{"href":"https:\/\/gloppenshobbyfotografar.no\/index.php\/wp-json\/wp\/v2\/pages"}],"about":[{"href":"https:\/\/gloppenshobbyfotografar.no\/index.php\/wp-json\/wp\/v2\/types\/page"}],"author":[{"embeddable":true,"href":"https:\/\/gloppenshobbyfotografar.no\/index.php\/wp-json\/wp\/v2\/users\/1"}],"replies":[{"embeddable":true,"href":"https:\/\/gloppenshobbyfotografar.no\/index.php\/wp-json\/wp\/v2\/comments?post=11"}],"version-history":[{"count":10,"href":"https:\/\/gloppenshobbyfotografar.no\/index.php\/wp-json\/wp\/v2\/pages\/11\/revisions"}],"predecessor-version":[{"id":157,"href":"https:\/\/gloppenshobbyfotografar.no\/index.php\/wp-json\/wp\/v2\/pages\/11\/revisions\/157"}],"wp:attachment":[{"href":"https:\/\/gloppenshobbyfotografar.no\/index.php\/wp-json\/wp\/v2\/media?parent=11"}],"curies":[{"name":"wp","href":"https:\/\/api.w.org\/{rel}","templated":true}]}}